{"id":313,"date":"2025-01-19T10:02:20","date_gmt":"2025-01-19T09:02:20","guid":{"rendered":"https:\/\/drone.tjinfo.fr\/?page_id=313"},"modified":"2025-01-19T10:21:11","modified_gmt":"2025-01-19T09:21:11","slug":"tarifs-immo","status":"publish","type":"page","link":"https:\/\/drone.tjinfo.fr\/index.php\/tarifs-immo\/","title":{"rendered":"Tarifs Immo"},"content":{"rendered":"\n<h2 class=\"wp-block-heading has-text-align-center has-luminous-vivid-orange-color has-text-color has-link-color wp-elements-f640eaa39ec79b418e92bff65d27a11f\">Tarifs Visite virtuelle<\/h2>\n\n\n\n<div class=\"wp-block-columns is-layout-flex wp-container-core-columns-is-layout-2184f6c1 wp-block-columns-is-layout-flex\" style=\"padding-top:var(--wp--preset--spacing--20);padding-right:0;padding-bottom:var(--wp--preset--spacing--20);padding-left:0\">\n<div class=\"wp-block-column has-border-color has-ast-global-color-8-border-color is-layout-flow wp-block-column-is-layout-flow\" style=\"border-width:5px\">\n<h3 class=\"wp-block-heading has-text-align-center has-text-color has-link-color wp-elements-2e17fbbd7696a7086b1e3f4ba3f9dd09\" style=\"color:#ede6db;font-size:40px\"><strong>Pack Immo Mini<\/strong><\/h3>\n\n\n\n<figure class=\"wp-block-image size-full\"><img fetchpriority=\"high\" decoding=\"async\" width=\"600\" height=\"300\" src=\"http:\/\/drone.tjinfo.fr\/wp-content\/uploads\/2025\/01\/PackImmoMini.jpg\" alt=\"\" class=\"wp-image-316\" srcset=\"https:\/\/drone.tjinfo.fr\/wp-content\/uploads\/2025\/01\/PackImmoMini.jpg 600w, https:\/\/drone.tjinfo.fr\/wp-content\/uploads\/2025\/01\/PackImmoMini-300x150.jpg 300w\" sizes=\"(max-width: 600px) 100vw, 600px\" \/><\/figure>\n\n\n\n<p class=\"has-text-align-center has-luminous-vivid-orange-color has-text-color has-link-color wp-elements-26016c093a209738fb4a232a3b0ac2f1\" style=\"font-size:25px\">A partir de 99\u20ac <sup>(*)<\/sup><\/p>\n\n\n\n<ul class=\"wp-block-list\">\n<li>Prises de vues \u00e0 360\u00b0<\/li>\n\n\n\n<li>1 \u00e0 2 pi\u00e8ces (2-4 vues int\u00e9rieur &amp; ext\u00e9rieur)<\/li>\n\n\n\n<li>Montage visite virtuelle sur Klapty<\/li>\n<\/ul>\n<\/div>\n\n\n\n<div class=\"wp-block-column has-border-color has-ast-global-color-8-border-color is-layout-flow wp-block-column-is-layout-flow\" style=\"border-width:5px\">\n<h3 class=\"wp-block-heading has-text-align-center has-text-color has-link-color wp-elements-2390be6ed7b47285808054328f3db40c\" style=\"color:#ede6db;font-size:40px\"><strong>Pack Immo<\/strong><\/h3>\n\n\n\n<figure class=\"wp-block-image size-full\"><img decoding=\"async\" width=\"600\" height=\"300\" src=\"http:\/\/drone.tjinfo.fr\/wp-content\/uploads\/2025\/01\/PackImmo.jpg\" alt=\"\" class=\"wp-image-314\" srcset=\"https:\/\/drone.tjinfo.fr\/wp-content\/uploads\/2025\/01\/PackImmo.jpg 600w, https:\/\/drone.tjinfo.fr\/wp-content\/uploads\/2025\/01\/PackImmo-300x150.jpg 300w\" sizes=\"(max-width: 600px) 100vw, 600px\" \/><\/figure>\n\n\n\n<p class=\"has-text-align-center has-luminous-vivid-orange-color has-text-color has-link-color wp-elements-ab243d6266a5cf7ac7f61a05d34bfa32\" style=\"font-size:25px\">A partir de 150\u20ac <sup>(*)<\/sup><\/p>\n\n\n\n<ul class=\"wp-block-list\">\n<li>Prises de vues \u00e0 360\u00b0 <sup>(**)<\/sup><\/li>\n\n\n\n<li>2 \u00e0 4 pi\u00e8ces (2-10 vues int\u00e9rieur &amp; ext\u00e9rieur) + photos HD<\/li>\n\n\n\n<li>Montage visite virtuelle sur Klapty<\/li>\n<\/ul>\n<\/div>\n<\/div>\n\n\n\n<div style=\"height:40px\" aria-hidden=\"true\" class=\"wp-block-spacer\"><\/div>\n\n\n\n<div class=\"wp-block-columns is-layout-flex wp-container-core-columns-is-layout-cbbdb216 wp-block-columns-is-layout-flex\" style=\"padding-top:var(--wp--preset--spacing--20);padding-right:0;padding-bottom:var(--wp--preset--spacing--20);padding-left:0\">\n<div class=\"wp-block-column has-border-color has-ast-global-color-8-border-color is-layout-flow wp-block-column-is-layout-flow\" style=\"border-width:5px\">\n<h3 class=\"wp-block-heading has-text-align-center has-text-color has-link-color wp-elements-de68a24bbd7dd22bd4eb8469ecfd9d82\" style=\"color:#ede6db;font-size:40px\"><strong>Pack Immo Maxi<\/strong><\/h3>\n\n\n\n<figure class=\"wp-block-image size-full\"><img decoding=\"async\" width=\"600\" height=\"300\" src=\"http:\/\/drone.tjinfo.fr\/wp-content\/uploads\/2025\/01\/PackImmoMaxi.jpg\" alt=\"\" class=\"wp-image-315\" srcset=\"https:\/\/drone.tjinfo.fr\/wp-content\/uploads\/2025\/01\/PackImmoMaxi.jpg 600w, https:\/\/drone.tjinfo.fr\/wp-content\/uploads\/2025\/01\/PackImmoMaxi-300x150.jpg 300w\" sizes=\"(max-width: 600px) 100vw, 600px\" \/><\/figure>\n\n\n\n<p class=\"has-text-align-center has-luminous-vivid-orange-color has-text-color has-link-color wp-elements-b3c8dcf452171060c455ccbcbe7a6559\" style=\"font-size:25px\">A partir de 300\u20ac <sup>(*)<\/sup><\/p>\n\n\n\n<ul class=\"wp-block-list\">\n<li>Prises de vues \u00e0 360\u00b0 <sup>(**)<\/sup><\/li>\n\n\n\n<li> 4 pi\u00e8ces et + (12 &#8211; 20 vues int\u00e9rieur &amp; ext\u00e9rieur) + photos HD<\/li>\n\n\n\n<li>Montage visite virtuelle sur Klapty<\/li>\n<\/ul>\n<\/div>\n\n\n\n<div class=\"wp-block-column has-border-color has-ast-global-color-8-border-color is-layout-flow wp-block-column-is-layout-flow\" style=\"border-width:5px\">\n<h3 class=\"wp-block-heading has-text-align-center has-text-color has-link-color wp-elements-5a6996d8d6e9eafc9ce985eceeffebc5\" style=\"color:#ede6db;font-size:40px\"><strong>Pack Immo Domaine<\/strong><\/h3>\n\n\n\n<figure class=\"wp-block-image size-full\"><img loading=\"lazy\" decoding=\"async\" width=\"600\" height=\"300\" src=\"http:\/\/drone.tjinfo.fr\/wp-content\/uploads\/2025\/01\/PacksImmoDomaine.jpg\" alt=\"\" class=\"wp-image-317\" srcset=\"https:\/\/drone.tjinfo.fr\/wp-content\/uploads\/2025\/01\/PacksImmoDomaine.jpg 600w, https:\/\/drone.tjinfo.fr\/wp-content\/uploads\/2025\/01\/PacksImmoDomaine-300x150.jpg 300w\" sizes=\"(max-width: 600px) 100vw, 600px\" \/><\/figure>\n\n\n\n<p class=\"has-text-align-center has-luminous-vivid-orange-color has-text-color has-link-color wp-elements-116100c8f36900e5fbd79d3d42ee70bc\" style=\"font-size:25px\">A partir de 450\u20ac <sup>(*)<\/sup><\/p>\n\n\n\n<ul class=\"wp-block-list\">\n<li>Prises de vues \u00e0 360\u00b0 <sup>(**)<\/sup><\/li>\n\n\n\n<li>Minimum 20 prises de vues \u00e0 360\u00b0 + Photos HD<\/li>\n\n\n\n<li>Montage visite virtuelle sur Klapty<\/li>\n<\/ul>\n<\/div>\n<\/div>\n\n\n\n<div style=\"height:40px\" aria-hidden=\"true\" class=\"wp-block-spacer\"><\/div>\n\n\n\n<p class=\"has-text-align-center\" style=\"font-size:15px\">(*) Frais suppl\u00e9mentaires pour d\u00e9placements > 30km depuis Ste Maxime<\/p>\n\n\n\n<p class=\"has-text-align-center\" style=\"font-size:15px\">(**) Prise de vue a\u00e9rienne par drone en option<\/p>\n\n\n\n<p><\/p>\n","protected":false},"excerpt":{"rendered":"<p>Tarifs Visite virtuelle Pack Immo Mini A partir de 99\u20ac (*) Pack Immo A partir de 150\u20ac (*) Pack Immo [&hellip;]<\/p>\n","protected":false},"author":1,"featured_media":0,"parent":0,"menu_order":0,"comment_status":"closed","ping_status":"closed","template":"","meta":{"site-sidebar-layout":"default","site-content-layout":"","ast-site-content-layout":"","site-content-style":"default","site-sidebar-style":"default","ast-global-header-display":"","ast-banner-title-visibility":"","ast-main-header-display":"","ast-hfb-above-header-display":"","ast-hfb-below-header-display":"","ast-hfb-mobile-header-display":"","site-post-title":"disabled","ast-breadcrumbs-content":"","ast-featured-img":"","footer-sml-layout":"","theme-transparent-header-meta":"","adv-header-id-meta":"","stick-header-meta":"","header-above-stick-meta":"","header-main-stick-meta":"","header-below-stick-meta":"","astra-migrate-meta-layouts":"default","ast-page-background-enabled":"default","ast-page-background-meta":{"desktop":{"background-color":"var(--ast-global-color-4)","background-image":"","background-repeat":"repeat","background-position":"center center","background-size":"auto","background-attachment":"scroll","background-type":"","background-media":"","overlay-type":"","overlay-color":"","overlay-opacity":"","overlay-gradient":""},"tablet":{"background-color":"","background-image":"","background-repeat":"repeat","background-position":"center center","background-size":"auto","background-attachment":"scroll","background-type":"","background-media":"","overlay-type":"","overlay-color":"","overlay-opacity":"","overlay-gradient":""},"mobile":{"background-color":"","background-image":"","background-repeat":"repeat","background-position":"center center","background-size":"auto","background-attachment":"scroll","background-type":"","background-media":"","overlay-type":"","overlay-color":"","overlay-opacity":"","overlay-gradient":""}},"ast-content-background-meta":{"desktop":{"background-color":"var(--ast-global-color-5)","background-image":"","background-repeat":"repeat","background-position":"center center","background-size":"auto","background-attachment":"scroll","background-type":"","background-media":"","overlay-type":"","overlay-color":"","overlay-opacity":"","overlay-gradient":""},"tablet":{"background-color":"var(--ast-global-color-5)","background-image":"","background-repeat":"repeat","background-position":"center center","background-size":"auto","background-attachment":"scroll","background-type":"","background-media":"","overlay-type":"","overlay-color":"","overlay-opacity":"","overlay-gradient":""},"mobile":{"background-color":"var(--ast-global-color-5)","background-image":"","background-repeat":"repeat","background-position":"center center","background-size":"auto","background-attachment":"scroll","background-type":"","background-media":"","overlay-type":"","overlay-color":"","overlay-opacity":"","overlay-gradient":""}},"footnotes":""},"class_list":["post-313","page","type-page","status-publish","hentry"],"yoast_head":"<!-- This site is optimized with the Yoast SEO plugin v24.2 - https:\/\/yoast.com\/wordpress\/plugins\/seo\/ -->\n<title>Tarifs Immo - TJ Drone<\/title>\n<meta name=\"robots\" content=\"index, follow, max-snippet:-1, max-image-preview:large, max-video-preview:-1\" \/>\n<link rel=\"canonical\" href=\"https:\/\/drone.tjinfo.fr\/index.php\/tarifs-immo\/\" \/>\n<meta property=\"og:locale\" content=\"fr_FR\" \/>\n<meta property=\"og:type\" content=\"article\" \/>\n<meta property=\"og:title\" content=\"Tarifs Immo - TJ Drone\" \/>\n<meta property=\"og:description\" content=\"Tarifs Visite virtuelle Pack Immo Mini A partir de 99\u20ac (*) Pack Immo A partir de 150\u20ac (*) Pack Immo [&hellip;]\" \/>\n<meta property=\"og:url\" content=\"https:\/\/drone.tjinfo.fr\/index.php\/tarifs-immo\/\" \/>\n<meta property=\"og:site_name\" content=\"TJ Drone\" \/>\n<meta property=\"article:modified_time\" content=\"2025-01-19T09:21:11+00:00\" \/>\n<meta property=\"og:image\" content=\"http:\/\/drone.tjinfo.fr\/wp-content\/uploads\/2025\/01\/PackImmoMini.jpg\" \/>\n<meta name=\"twitter:card\" content=\"summary_large_image\" \/>\n<meta name=\"twitter:label1\" content=\"Dur\u00e9e de lecture estim\u00e9e\" \/>\n\t<meta name=\"twitter:data1\" content=\"2 minutes\" \/>\n<script type=\"application\/ld+json\" class=\"yoast-schema-graph\">{\"@context\":\"https:\/\/schema.org\",\"@graph\":[{\"@type\":\"WebPage\",\"@id\":\"https:\/\/drone.tjinfo.fr\/index.php\/tarifs-immo\/\",\"url\":\"https:\/\/drone.tjinfo.fr\/index.php\/tarifs-immo\/\",\"name\":\"Tarifs Immo - TJ Drone\",\"isPartOf\":{\"@id\":\"https:\/\/drone.tjinfo.fr\/#website\"},\"primaryImageOfPage\":{\"@id\":\"https:\/\/drone.tjinfo.fr\/index.php\/tarifs-immo\/#primaryimage\"},\"image\":{\"@id\":\"https:\/\/drone.tjinfo.fr\/index.php\/tarifs-immo\/#primaryimage\"},\"thumbnailUrl\":\"http:\/\/drone.tjinfo.fr\/wp-content\/uploads\/2025\/01\/PackImmoMini.jpg\",\"datePublished\":\"2025-01-19T09:02:20+00:00\",\"dateModified\":\"2025-01-19T09:21:11+00:00\",\"breadcrumb\":{\"@id\":\"https:\/\/drone.tjinfo.fr\/index.php\/tarifs-immo\/#breadcrumb\"},\"inLanguage\":\"fr-FR\",\"potentialAction\":[{\"@type\":\"ReadAction\",\"target\":[\"https:\/\/drone.tjinfo.fr\/index.php\/tarifs-immo\/\"]}]},{\"@type\":\"ImageObject\",\"inLanguage\":\"fr-FR\",\"@id\":\"https:\/\/drone.tjinfo.fr\/index.php\/tarifs-immo\/#primaryimage\",\"url\":\"https:\/\/drone.tjinfo.fr\/wp-content\/uploads\/2025\/01\/PackImmoMini.jpg\",\"contentUrl\":\"https:\/\/drone.tjinfo.fr\/wp-content\/uploads\/2025\/01\/PackImmoMini.jpg\",\"width\":600,\"height\":300,\"caption\":\"DCIMCamera01IMG_20241212_115535_00_042.jp\"},{\"@type\":\"BreadcrumbList\",\"@id\":\"https:\/\/drone.tjinfo.fr\/index.php\/tarifs-immo\/#breadcrumb\",\"itemListElement\":[{\"@type\":\"ListItem\",\"position\":1,\"name\":\"Accueil\",\"item\":\"https:\/\/drone.tjinfo.fr\/\"},{\"@type\":\"ListItem\",\"position\":2,\"name\":\"Tarifs Immo\"}]},{\"@type\":\"WebSite\",\"@id\":\"https:\/\/drone.tjinfo.fr\/#website\",\"url\":\"https:\/\/drone.tjinfo.fr\/\",\"name\":\"TJ Drone\",\"description\":\"\",\"publisher\":{\"@id\":\"https:\/\/drone.tjinfo.fr\/#organization\"},\"potentialAction\":[{\"@type\":\"SearchAction\",\"target\":{\"@type\":\"EntryPoint\",\"urlTemplate\":\"https:\/\/drone.tjinfo.fr\/?s={search_term_string}\"},\"query-input\":{\"@type\":\"PropertyValueSpecification\",\"valueRequired\":true,\"valueName\":\"search_term_string\"}}],\"inLanguage\":\"fr-FR\"},{\"@type\":\"Organization\",\"@id\":\"https:\/\/drone.tjinfo.fr\/#organization\",\"name\":\"TJ Drone\",\"url\":\"https:\/\/drone.tjinfo.fr\/\",\"logo\":{\"@type\":\"ImageObject\",\"inLanguage\":\"fr-FR\",\"@id\":\"https:\/\/drone.tjinfo.fr\/#\/schema\/logo\/image\/\",\"url\":\"https:\/\/drone.tjinfo.fr\/wp-content\/uploads\/2024\/11\/2-1.png\",\"contentUrl\":\"https:\/\/drone.tjinfo.fr\/wp-content\/uploads\/2024\/11\/2-1.png\",\"width\":1080,\"height\":1080,\"caption\":\"TJ Drone\"},\"image\":{\"@id\":\"https:\/\/drone.tjinfo.fr\/#\/schema\/logo\/image\/\"}}]}<\/script>\n<!-- \/ Yoast SEO plugin. -->","yoast_head_json":{"title":"Tarifs Immo - TJ Drone","robots":{"index":"index","follow":"follow","max-snippet":"max-snippet:-1","max-image-preview":"max-image-preview:large","max-video-preview":"max-video-preview:-1"},"canonical":"https:\/\/drone.tjinfo.fr\/index.php\/tarifs-immo\/","og_locale":"fr_FR","og_type":"article","og_title":"Tarifs Immo - TJ Drone","og_description":"Tarifs Visite virtuelle Pack Immo Mini A partir de 99\u20ac (*) Pack Immo A partir de 150\u20ac (*) Pack Immo [&hellip;]","og_url":"https:\/\/drone.tjinfo.fr\/index.php\/tarifs-immo\/","og_site_name":"TJ Drone","article_modified_time":"2025-01-19T09:21:11+00:00","og_image":[{"url":"http:\/\/drone.tjinfo.fr\/wp-content\/uploads\/2025\/01\/PackImmoMini.jpg","type":"","width":"","height":""}],"twitter_card":"summary_large_image","twitter_misc":{"Dur\u00e9e de lecture estim\u00e9e":"2 minutes"},"schema":{"@context":"https:\/\/schema.org","@graph":[{"@type":"WebPage","@id":"https:\/\/drone.tjinfo.fr\/index.php\/tarifs-immo\/","url":"https:\/\/drone.tjinfo.fr\/index.php\/tarifs-immo\/","name":"Tarifs Immo - TJ Drone","isPartOf":{"@id":"https:\/\/drone.tjinfo.fr\/#website"},"primaryImageOfPage":{"@id":"https:\/\/drone.tjinfo.fr\/index.php\/tarifs-immo\/#primaryimage"},"image":{"@id":"https:\/\/drone.tjinfo.fr\/index.php\/tarifs-immo\/#primaryimage"},"thumbnailUrl":"http:\/\/drone.tjinfo.fr\/wp-content\/uploads\/2025\/01\/PackImmoMini.jpg","datePublished":"2025-01-19T09:02:20+00:00","dateModified":"2025-01-19T09:21:11+00:00","breadcrumb":{"@id":"https:\/\/drone.tjinfo.fr\/index.php\/tarifs-immo\/#breadcrumb"},"inLanguage":"fr-FR","potentialAction":[{"@type":"ReadAction","target":["https:\/\/drone.tjinfo.fr\/index.php\/tarifs-immo\/"]}]},{"@type":"ImageObject","inLanguage":"fr-FR","@id":"https:\/\/drone.tjinfo.fr\/index.php\/tarifs-immo\/#primaryimage","url":"https:\/\/drone.tjinfo.fr\/wp-content\/uploads\/2025\/01\/PackImmoMini.jpg","contentUrl":"https:\/\/drone.tjinfo.fr\/wp-content\/uploads\/2025\/01\/PackImmoMini.jpg","width":600,"height":300,"caption":"DCIMCamera01IMG_20241212_115535_00_042.jp"},{"@type":"BreadcrumbList","@id":"https:\/\/drone.tjinfo.fr\/index.php\/tarifs-immo\/#breadcrumb","itemListElement":[{"@type":"ListItem","position":1,"name":"Accueil","item":"https:\/\/drone.tjinfo.fr\/"},{"@type":"ListItem","position":2,"name":"Tarifs Immo"}]},{"@type":"WebSite","@id":"https:\/\/drone.tjinfo.fr\/#website","url":"https:\/\/drone.tjinfo.fr\/","name":"TJ Drone","description":"","publisher":{"@id":"https:\/\/drone.tjinfo.fr\/#organization"},"potentialAction":[{"@type":"SearchAction","target":{"@type":"EntryPoint","urlTemplate":"https:\/\/drone.tjinfo.fr\/?s={search_term_string}"},"query-input":{"@type":"PropertyValueSpecification","valueRequired":true,"valueName":"search_term_string"}}],"inLanguage":"fr-FR"},{"@type":"Organization","@id":"https:\/\/drone.tjinfo.fr\/#organization","name":"TJ Drone","url":"https:\/\/drone.tjinfo.fr\/","logo":{"@type":"ImageObject","inLanguage":"fr-FR","@id":"https:\/\/drone.tjinfo.fr\/#\/schema\/logo\/image\/","url":"https:\/\/drone.tjinfo.fr\/wp-content\/uploads\/2024\/11\/2-1.png","contentUrl":"https:\/\/drone.tjinfo.fr\/wp-content\/uploads\/2024\/11\/2-1.png","width":1080,"height":1080,"caption":"TJ Drone"},"image":{"@id":"https:\/\/drone.tjinfo.fr\/#\/schema\/logo\/image\/"}}]}},"_links":{"self":[{"href":"https:\/\/drone.tjinfo.fr\/index.php\/wp-json\/wp\/v2\/pages\/313","targetHints":{"allow":["GET"]}}],"collection":[{"href":"https:\/\/drone.tjinfo.fr\/index.php\/wp-json\/wp\/v2\/pages"}],"about":[{"href":"https:\/\/drone.tjinfo.fr\/index.php\/wp-json\/wp\/v2\/types\/page"}],"author":[{"embeddable":true,"href":"https:\/\/drone.tjinfo.fr\/index.php\/wp-json\/wp\/v2\/users\/1"}],"replies":[{"embeddable":true,"href":"https:\/\/drone.tjinfo.fr\/index.php\/wp-json\/wp\/v2\/comments?post=313"}],"version-history":[{"count":2,"href":"https:\/\/drone.tjinfo.fr\/index.php\/wp-json\/wp\/v2\/pages\/313\/revisions"}],"predecessor-version":[{"id":320,"href":"https:\/\/drone.tjinfo.fr\/index.php\/wp-json\/wp\/v2\/pages\/313\/revisions\/320"}],"wp:attachment":[{"href":"https:\/\/drone.tjinfo.fr\/index.php\/wp-json\/wp\/v2\/media?parent=313"}],"curies":[{"name":"wp","href":"https:\/\/api.w.org\/{rel}","templated":true}]}}